{"id":2,"date":"2025-09-12T20:28:15","date_gmt":"2025-09-12T18:28:15","guid":{"rendered":"http:\/\/blackshift.pl\/?page_id=2"},"modified":"2025-09-24T21:32:03","modified_gmt":"2025-09-24T19:32:03","slug":"przykladowa-strona","status":"publish","type":"page","link":"https:\/\/blackshift.pl\/","title":{"rendered":"Przyk\u0142adowa strona"},"content":{"rendered":"\t\t<div data-elementor-type=\"wp-page\" data-elementor-id=\"2\" class=\"elementor elementor-2\">\n\t\t\t\t<div class=\"elementor-element elementor-element-a33d279 e-flex e-con-boxed e-con e-parent\" data-id=\"a33d279\" data-element_type=\"container\" data-e-type=\"container\">\n\t\t\t\t\t<div class=\"e-con-inner\">\n\t\t\t\t<div class=\"elementor-element elementor-element-c529950 elementor-widget elementor-widget-heading\" data-id=\"c529950\" data-element_type=\"widget\" data-e-type=\"widget\" data-widget_type=\"heading.default\">\n\t\t\t\t\t<h2 class=\"elementor-heading-title elementor-size-default\">PRZESTA\u0143 TRACI\u0106 CZAS.<\/h2>\t\t\t\t<\/div>\n\t\t\t\t<div class=\"elementor-element elementor-element-bf90386 elementor-widget elementor-widget-text-editor\" data-id=\"bf90386\" data-element_type=\"widget\" data-e-type=\"widget\" data-widget_type=\"text-editor.default\">\n\t\t\t\t\t\t\t\t\t<p><strong>NAUCZ SI\u0118 EFEKTYWNIE<\/strong> NIM ZARZ\u0104DZA\u0106 I OSI\u0104GNIJ<br \/><strong>ZAMIERZONE CELE<\/strong><img fetchpriority=\"high\" decoding=\"async\" class=\"aligncenter wp-image-121\" src=\"https:\/\/blackshift.pl\/wp-content\/uploads\/2025\/09\/ebook-300x222.png\" alt=\"\" width=\"400\" height=\"295\" data-wp-editing=\"1\" srcset=\"https:\/\/blackshift.pl\/wp-content\/uploads\/2025\/09\/ebook-300x222.png 300w, https:\/\/blackshift.pl\/wp-content\/uploads\/2025\/09\/ebook-1024x756.png 1024w, https:\/\/blackshift.pl\/wp-content\/uploads\/2025\/09\/ebook-768x567.png 768w, https:\/\/blackshift.pl\/wp-content\/uploads\/2025\/09\/ebook-1536x1134.png 1536w, https:\/\/blackshift.pl\/wp-content\/uploads\/2025\/09\/ebook-2048x1512.png 2048w, https:\/\/blackshift.pl\/wp-content\/uploads\/2025\/09\/ebook-600x443.png 600w\" sizes=\"(max-width: 400px) 100vw, 400px\" \/><\/p>\t\t\t\t\t\t\t\t<\/div>\n\t\t\t\t<div class=\"elementor-element elementor-element-a914231 elementor-widget elementor-widget-heading\" data-id=\"a914231\" data-element_type=\"widget\" data-e-type=\"widget\" data-widget_type=\"heading.default\">\n\t\t\t\t\t<h2 class=\"elementor-heading-title elementor-size-default\">30% RABATU!<\/h2>\t\t\t\t<\/div>\n\t\t\t\t<div class=\"elementor-element elementor-element-19bb044 elementor-widget elementor-widget-heading\" data-id=\"19bb044\" data-element_type=\"widget\" data-e-type=\"widget\" data-widget_type=\"heading.default\">\n\t\t\t\t\t<h2 class=\"elementor-heading-title elementor-size-default\"><s>119,99 PLN<\/s> \n<p><b> \n<span style=\"font-weight: bold;font-size: calc(1em + 5px)\">\n 79,99 PLN\n<\/span>\n\n\n<\/span>\n\n<\/h2>\t\t\t\t<\/div>\n\t\t\t\t<div class=\"elementor-element elementor-element-474c07d elementor-align-center elementor-mobile-align-center elementor-widget elementor-widget-button\" data-id=\"474c07d\" data-element_type=\"widget\" data-e-type=\"widget\" data-widget_type=\"button.default\">\n\t\t\t\t\t\t\t\t\t\t<a class=\"elementor-button elementor-button-link elementor-size-sm\" href=\"\/?add-to-cart=188&#038;quantity=1&#038;buy_now=1\">\n\t\t\t\t\t\t<span class=\"elementor-button-content-wrapper\">\n\t\t\t\t\t\t<span class=\"elementor-button-icon\">\n\t\t\t\t<svg aria-hidden=\"true\" class=\"e-font-icon-svg e-fas-cart-plus\" viewBox=\"0 0 576 512\" xmlns=\"http:\/\/www.w3.org\/2000\/svg\"><path d=\"M504.717 320H211.572l6.545 32h268.418c15.401 0 26.816 14.301 23.403 29.319l-5.517 24.276C523.112 414.668 536 433.828 536 456c0 31.202-25.519 56.444-56.824 55.994-29.823-.429-54.35-24.631-55.155-54.447-.44-16.287 6.085-31.049 16.803-41.548H231.176C241.553 426.165 248 440.326 248 456c0 31.813-26.528 57.431-58.67 55.938-28.54-1.325-51.751-24.385-53.251-52.917-1.158-22.034 10.436-41.455 28.051-51.586L93.883 64H24C10.745 64 0 53.255 0 40V24C0 10.745 10.745 0 24 0h102.529c11.401 0 21.228 8.021 23.513 19.19L159.208 64H551.99c15.401 0 26.816 14.301 23.403 29.319l-47.273 208C525.637 312.246 515.923 320 504.717 320zM408 168h-48v-40c0-8.837-7.163-16-16-16h-16c-8.837 0-16 7.163-16 16v40h-48c-8.837 0-16 7.163-16 16v16c0 8.837 7.163 16 16 16h48v40c0 8.837 7.163 16 16 16h16c8.837 0 16-7.163 16-16v-40h48c8.837 0 16-7.163 16-16v-16c0-8.837-7.163-16-16-16z\"><\/path><\/svg>\t\t\t<\/span>\n\t\t\t\t\t\t\t\t\t<span class=\"elementor-button-text\">Kup Teraz!<\/span>\n\t\t\t\t\t<\/span>\n\t\t\t\t\t<\/a>\n\t\t\t\t\t\t\t\t<\/div>\n\t\t\t\t\t<\/div>\n\t\t\t\t<\/div>\n\t\t<div class=\"elementor-element elementor-element-23bbdfb e-flex e-con-boxed e-con e-parent\" data-id=\"23bbdfb\" data-element_type=\"container\" data-e-type=\"container\">\n\t\t\t\t\t<div class=\"e-con-inner\">\n\t\t<div class=\"elementor-element elementor-element-9949295 e-flex e-con-boxed e-con e-child\" data-id=\"9949295\" data-element_type=\"container\" data-e-type=\"container\" data-settings=\"{&quot;background_background&quot;:&quot;gradient&quot;}\">\n\t\t\t\t\t<div class=\"e-con-inner\">\n\t\t\t\t<div class=\"elementor-element elementor-element-e0a6c66 elementor-widget elementor-widget-heading\" data-id=\"e0a6c66\" data-element_type=\"widget\" data-e-type=\"widget\" data-widget_type=\"heading.default\">\n\t\t\t\t\t<h2 class=\"elementor-heading-title elementor-size-default\">CZYM JEST TEN E-BOOK?<\/h2>\t\t\t\t<\/div>\n\t\t\t\t<div class=\"elementor-element elementor-element-c2f97a5 elementor-widget-divider--view-line_icon elementor-view-default elementor-widget-divider--element-align-center elementor-widget elementor-widget-divider\" data-id=\"c2f97a5\" data-element_type=\"widget\" data-e-type=\"widget\" data-widget_type=\"divider.default\">\n\t\t\t\t\t\t\t<div class=\"elementor-divider\">\n\t\t\t<span class=\"elementor-divider-separator\">\n\t\t\t\t\t\t\t<div class=\"elementor-icon elementor-divider__element\">\n\t\t\t\t\t<svg aria-hidden=\"true\" class=\"e-font-icon-svg e-fas-book-open\" viewBox=\"0 0 576 512\" xmlns=\"http:\/\/www.w3.org\/2000\/svg\"><path d=\"M542.22 32.05c-54.8 3.11-163.72 14.43-230.96 55.59-4.64 2.84-7.27 7.89-7.27 13.17v363.87c0 11.55 12.63 18.85 23.28 13.49 69.18-34.82 169.23-44.32 218.7-46.92 16.89-.89 30.02-14.43 30.02-30.66V62.75c.01-17.71-15.35-31.74-33.77-30.7zM264.73 87.64C197.5 46.48 88.58 35.17 33.78 32.05 15.36 31.01 0 45.04 0 62.75V400.6c0 16.24 13.13 29.78 30.02 30.66 49.49 2.6 149.59 12.11 218.77 46.95 10.62 5.35 23.21-1.94 23.21-13.46V100.63c0-5.29-2.62-10.14-7.27-12.99z\"><\/path><\/svg><\/div>\n\t\t\t\t\t\t<\/span>\n\t\t<\/div>\n\t\t\t\t\t\t<\/div>\n\t\t<div class=\"elementor-element elementor-element-112e699 e-con-full e-flex e-con e-child\" data-id=\"112e699\" data-element_type=\"container\" data-e-type=\"container\">\n\t\t\t\t<div class=\"elementor-element elementor-element-72680cf elementor-widget elementor-widget-text-editor\" data-id=\"72680cf\" data-element_type=\"widget\" data-e-type=\"widget\" data-widget_type=\"text-editor.default\">\n\t\t\t\t\t\t\t\t\t<p>Ten e-book to praktyczny przewodnik, kt\u00f3ry pomo\u017ce Ci lepiej zarz\u0105dza\u0107 swoim czasem, ustala\u0107 priorytety i skutecznie realizowa\u0107 cele \u2013 zar\u00f3wno zawodowe, jak i osobiste.<\/p>\t\t\t\t\t\t\t\t<\/div>\n\t\t\t\t<\/div>\n\t\t\t\t\t<\/div>\n\t\t\t\t<\/div>\n\t\t\t\t\t<\/div>\n\t\t\t\t<\/div>\n\t\t<div class=\"elementor-element elementor-element-b00c5fc e-flex e-con-boxed e-con e-parent\" data-id=\"b00c5fc\" data-element_type=\"container\" data-e-type=\"container\">\n\t\t\t\t\t<div class=\"e-con-inner\">\n\t\t<div class=\"elementor-element elementor-element-6c69a54 e-flex e-con-boxed e-con e-child\" data-id=\"6c69a54\" data-element_type=\"container\" data-e-type=\"container\" data-settings=\"{&quot;background_background&quot;:&quot;gradient&quot;}\">\n\t\t\t\t\t<div class=\"e-con-inner\">\n\t\t\t\t<div class=\"elementor-element elementor-element-fc1da3b elementor-widget elementor-widget-heading\" data-id=\"fc1da3b\" data-element_type=\"widget\" data-e-type=\"widget\" data-widget_type=\"heading.default\">\n\t\t\t\t\t<h2 class=\"elementor-heading-title elementor-size-default\">W CZYM MI POMO\u017bE?<\/h2>\t\t\t\t<\/div>\n\t\t\t\t<div class=\"elementor-element elementor-element-e87177f elementor-widget-divider--view-line_icon elementor-view-default elementor-widget-divider--element-align-center elementor-widget elementor-widget-divider\" data-id=\"e87177f\" data-element_type=\"widget\" data-e-type=\"widget\" data-widget_type=\"divider.default\">\n\t\t\t\t\t\t\t<div class=\"elementor-divider\">\n\t\t\t<span class=\"elementor-divider-separator\">\n\t\t\t\t\t\t\t<div class=\"elementor-icon elementor-divider__element\">\n\t\t\t\t\t<svg aria-hidden=\"true\" class=\"e-font-icon-svg e-fas-book-open\" viewBox=\"0 0 576 512\" xmlns=\"http:\/\/www.w3.org\/2000\/svg\"><path d=\"M542.22 32.05c-54.8 3.11-163.72 14.43-230.96 55.59-4.64 2.84-7.27 7.89-7.27 13.17v363.87c0 11.55 12.63 18.85 23.28 13.49 69.18-34.82 169.23-44.32 218.7-46.92 16.89-.89 30.02-14.43 30.02-30.66V62.75c.01-17.71-15.35-31.74-33.77-30.7zM264.73 87.64C197.5 46.48 88.58 35.17 33.78 32.05 15.36 31.01 0 45.04 0 62.75V400.6c0 16.24 13.13 29.78 30.02 30.66 49.49 2.6 149.59 12.11 218.77 46.95 10.62 5.35 23.21-1.94 23.21-13.46V100.63c0-5.29-2.62-10.14-7.27-12.99z\"><\/path><\/svg><\/div>\n\t\t\t\t\t\t<\/span>\n\t\t<\/div>\n\t\t\t\t\t\t<\/div>\n\t\t<div class=\"elementor-element elementor-element-1603969 e-con-full e-flex e-con e-child\" data-id=\"1603969\" data-element_type=\"container\" data-e-type=\"container\">\n\t\t\t\t<div class=\"elementor-element elementor-element-a956ce0 elementor-widget elementor-widget-text-editor\" data-id=\"a956ce0\" data-element_type=\"widget\" data-e-type=\"widget\" data-widget_type=\"text-editor.default\">\n\t\t\t\t\t\t\t\t\t<p>Dzi\u0119ki sprawdzonym metodom i prostym narz\u0119dziom nauczysz si\u0119 dzia\u0142a\u0107 z wi\u0119kszym spokojem, efektywno\u015bci\u0105 i motywacj\u0105.<\/p>\t\t\t\t\t\t\t\t<\/div>\n\t\t\t\t<\/div>\n\t\t\t\t\t<\/div>\n\t\t\t\t<\/div>\n\t\t\t\t\t<\/div>\n\t\t\t\t<\/div>\n\t\t\t\t<\/div>\n\t\t","protected":false},"excerpt":{"rendered":"<p>PRZESTA\u0143 TRACI\u0106 CZAS. NAUCZ SI\u0118 EFEKTYWNIE NIM ZARZ\u0104DZA\u0106 I OSI\u0104GNIJZAMIERZONE CELE 30% RABATU! 119,99 PLN 79,99 PLN Kup Teraz! CZYM JEST TEN E-BOOK? Ten e-book to praktyczny przewodnik, kt\u00f3ry pomo\u017ce Ci lepiej zarz\u0105dza\u0107 swoim czasem, ustala\u0107 priorytety i skutecznie realizowa\u0107 cele \u2013 zar\u00f3wno zawodowe, jak i osobiste. W CZYM MI POMO\u017bE? Dzi\u0119ki sprawdzonym metodom i [&hellip;]<\/p>\n","protected":false},"author":1,"featured_media":0,"parent":0,"menu_order":0,"comment_status":"closed","ping_status":"open","template":"elementor_header_footer","meta":{"footnotes":""},"class_list":["post-2","page","type-page","status-publish","hentry"],"_links":{"self":[{"href":"https:\/\/blackshift.pl\/index.php?rest_route=\/wp\/v2\/pages\/2","targetHints":{"allow":["GET"]}}],"collection":[{"href":"https:\/\/blackshift.pl\/index.php?rest_route=\/wp\/v2\/pages"}],"about":[{"href":"https:\/\/blackshift.pl\/index.php?rest_route=\/wp\/v2\/types\/page"}],"author":[{"embeddable":true,"href":"https:\/\/blackshift.pl\/index.php?rest_route=\/wp\/v2\/users\/1"}],"replies":[{"embeddable":true,"href":"https:\/\/blackshift.pl\/index.php?rest_route=%2Fwp%2Fv2%2Fcomments&post=2"}],"version-history":[{"count":132,"href":"https:\/\/blackshift.pl\/index.php?rest_route=\/wp\/v2\/pages\/2\/revisions"}],"predecessor-version":[{"id":385,"href":"https:\/\/blackshift.pl\/index.php?rest_route=\/wp\/v2\/pages\/2\/revisions\/385"}],"wp:attachment":[{"href":"https:\/\/blackshift.pl\/index.php?rest_route=%2Fwp%2Fv2%2Fmedia&parent=2"}],"curies":[{"name":"wp","href":"https:\/\/api.w.org\/{rel}","templated":true}]}}