{"id":188,"date":"2025-09-16T21:21:18","date_gmt":"2025-09-16T19:21:18","guid":{"rendered":"http:\/\/blackshift.pl\/?post_type=product&#038;p=188"},"modified":"2025-09-16T21:21:18","modified_gmt":"2025-09-16T19:21:18","slug":"jak-zarzadzac-czasem-i-osiagnac-cele","status":"publish","type":"product","link":"https:\/\/blackshift.pl\/?product=jak-zarzadzac-czasem-i-osiagnac-cele","title":{"rendered":"Jak zarz\u0105dza\u0107 czasem i osi\u0105gn\u0105\u0107 cele?"},"content":{"rendered":"","protected":false},"excerpt":{"rendered":"","protected":false},"featured_media":121,"template":"","meta":[],"product_brand":[],"product_cat":[15],"product_tag":[20],"class_list":{"0":"post-188","1":"product","2":"type-product","3":"status-publish","4":"has-post-thumbnail","6":"product_cat-bez-kategorii","7":"product_tag-ebook","9":"first","10":"instock","11":"sale","12":"downloadable","13":"virtual","14":"sold-individually","15":"purchasable","16":"product-type-simple"},"_links":{"self":[{"href":"https:\/\/blackshift.pl\/index.php?rest_route=\/wp\/v2\/product\/188","targetHints":{"allow":["GET"]}}],"collection":[{"href":"https:\/\/blackshift.pl\/index.php?rest_route=\/wp\/v2\/product"}],"about":[{"href":"https:\/\/blackshift.pl\/index.php?rest_route=\/wp\/v2\/types\/product"}],"wp:featuredmedia":[{"embeddable":true,"href":"https:\/\/blackshift.pl\/index.php?rest_route=\/wp\/v2\/media\/121"}],"wp:attachment":[{"href":"https:\/\/blackshift.pl\/index.php?rest_route=%2Fwp%2Fv2%2Fmedia&parent=188"}],"wp:term":[{"taxonomy":"product_brand","embeddable":true,"href":"https:\/\/blackshift.pl\/index.php?rest_route=%2Fwp%2Fv2%2Fproduct_brand&post=188"},{"taxonomy":"product_cat","embeddable":true,"href":"https:\/\/blackshift.pl\/index.php?rest_route=%2Fwp%2Fv2%2Fproduct_cat&post=188"},{"taxonomy":"product_tag","embeddable":true,"href":"https:\/\/blackshift.pl\/index.php?rest_route=%2Fwp%2Fv2%2Fproduct_tag&post=188"}],"curies":[{"name":"wp","href":"https:\/\/api.w.org\/{rel}","templated":true}]}}